{"id":52,"date":"2017-11-24T23:24:32","date_gmt":"2017-11-24T22:24:32","guid":{"rendered":"http:\/\/2018.gaiamedia.org\/deutsch\/?page_id=52"},"modified":"2018-02-11T17:09:40","modified_gmt":"2018-02-11T16:09:40","slug":"gaia-und-wir","status":"publish","type":"page","link":"https:\/\/www.gaiamedia.org\/deutsch\/ueber-uns\/gaia-und-wir\/","title":{"rendered":"gaia und wir"},"content":{"rendered":"<div id=\"pl-52\"  class=\"panel-layout\" ><div id=\"pg-52-0\"  class=\"panel-grid panel-no-style\" ><div id=\"pgc-52-0-0\"  class=\"panel-grid-cell\" ><div id=\"panel-52-0-0-0\" class=\"so-panel widget widget_sow-editor panel-first-child panel-last-child\" data-index=\"0\" ><div class=\"so-widget-sow-editor so-widget-sow-editor-base\">\n<div class=\"siteorigin-widget-tinymce textwidget\">\n\t<p style=\"text-align: right;\"><span style=\"color: #00ca15;\">Anfang war das Chaos.<\/span><br \/><span style=\"color: #00ca15;\"> Ein aufgerissener Mund.<\/span><br \/><span style=\"color: #00ca15;\"> Eine klaffende Wunde.<\/span><br \/><span style=\"color: #00ca15;\"> Eine g\u00e4hnende H\u00f6hle.<\/span><br \/><span style=\"color: #00ca15;\"> Und aus diesem Anfang entstand ein neuer Anfang. Gaia.<\/span><br \/><span style=\"color: #00ca15;\"> <i>Nach Hesiod, um 700 v.u.Z.<\/i>\u00a0<\/span><\/p>\n<\/div>\n<\/div><\/div><\/div><div id=\"pgc-52-0-1\"  class=\"panel-grid-cell\" ><div id=\"panel-52-0-1-0\" class=\"so-panel widget widget_text panel-first-child panel-last-child\" data-index=\"1\" >\t\t\t<div class=\"textwidget\"><p><img loading=\"lazy\" class=\"size-full wp-image-568 alignnone\" src=\"http:\/\/2018.gaiamedia.org\/deutsch\/wp-content\/uploads\/2018\/02\/earth.gif\" alt=\"\" width=\"102\" height=\"102\" \/><br \/>\nBei den alten Griechen ist \u201cGaia\u201d die G\u00f6ttin der Erde; die heute gebr\u00e4uchliche Variante ist der Begriff \u201cGeo\u201d. Der britische Autor William Golding (1911-1993), der f\u00fcr seinen Roman \u201cHerr der Fliegen\u201d den Nobelpreis erhielt, f\u00fchrte den Begriff \u201cGaia\u201d in den allgemeinen Sprachgebrauch ein. Dessen Nachbar in einem kleinen englischen Dorf in Devonshire, der Mediziner, Kybernetiker und Klimatologe James Lovelock, und die Biologin Lynn Margulis, entwickelten 1970 die sogenannte \u201cGaia-Hypothese\u201d.<\/p>\n<\/div>\n\t\t<\/div><\/div><\/div><div id=\"pg-52-1\"  class=\"panel-grid panel-no-style\" ><div id=\"pgc-52-1-0\"  class=\"panel-grid-cell\" ><div id=\"panel-52-1-0-0\" class=\"so-panel widget widget_sow-editor panel-first-child panel-last-child\" data-index=\"2\" ><div class=\"so-widget-sow-editor so-widget-sow-editor-base\">\n<div class=\"siteorigin-widget-tinymce textwidget\">\n\t<p style=\"text-align: right;\"><span style=\"color: #3564c9;\">Unsere Zukunft h\u00e4ngt vielmehr von einem richtigen Verh\u00e4ltnis zu Gaia als von dem endlosen Drama ewig Menschlichen ab.<br \/> <i>James Lovelock<\/i><\/span><\/p>\n<\/div>\n<\/div><\/div><\/div><div id=\"pgc-52-1-1\"  class=\"panel-grid-cell\" ><div id=\"panel-52-1-1-0\" class=\"so-panel widget widget_text panel-first-child panel-last-child\" data-index=\"3\" >\t\t\t<div class=\"textwidget\"><p>Sie gaben Ihrer Theorie den Namen Gaia, wegen der besonderen Eigenschaft der Erde und ihrer Atmosph\u00e4re, die n\u00f6tigen Lebensbedingungen f\u00fcr Pflanzen, Tiere und Menschen zu schaffen, zu regulieren und aufrechtzuerhalten. Seither ist der Begriff Gaia zu einem Synonym geworden f\u00fcr eine neue Art des Verstehens unseres planetarischen \u00d6kosystems, der Evolution der Welt, und von uns selbst, die wir darin leben.<\/p>\n<\/div>\n\t\t<\/div><\/div><\/div><div id=\"pg-52-2\"  class=\"panel-grid panel-no-style\" ><div id=\"pgc-52-2-0\"  class=\"panel-grid-cell\" ><div id=\"panel-52-2-0-0\" class=\"so-panel widget widget_sow-editor panel-first-child panel-last-child\" data-index=\"4\" ><div class=\"so-widget-sow-editor so-widget-sow-editor-base\">\n<div class=\"siteorigin-widget-tinymce textwidget\">\n\t<p style=\"text-align: right;\"><span style=\"color: #00ca15;\">Die Ver\u00e4nderung, die hier auf Erden in unserem Geist stattfindet, ist eine der gr\u00f6ssten Ver\u00e4nderungen in menschlichen Angelegenheiten, wenn nicht die gr\u00f6sste, da das, wor\u00fcber wir sprechen, nicht einfach ein weiterer geschichtlicher Wandel, eine kulturelle Modifikation darstellt, sondern eine Ver\u00e4nderung geologischer und biologischer wie auch psychologischer Gr\u00f6ssenordnung. Wir ver\u00e4ndern die Erde auf einer Skala, die sich nur mit den Ver\u00e4nderungen der Struktur der Erde und des Lebens vergleichen l\u00e4sst, wie sie \u00fcber einige hundert Millionen Jahre in unserer Entwicklung stattfanden.<i><br \/> Thomas Berry<\/i><\/span><\/p>\n<\/div>\n<\/div><\/div><\/div><div id=\"pgc-52-2-1\"  class=\"panel-grid-cell\" ><div id=\"panel-52-2-1-0\" class=\"so-panel widget widget_text panel-first-child panel-last-child\" data-index=\"5\" ><h3 class=\"widget-title\">Eine kurze Geschichte von Gaia<\/h3>\t\t\t<div class=\"textwidget\"><p>Die Erde ist rund 4,6 Milliarden Jahre alt. Verk\u00fcrzen wir zum besseren Verst\u00e4ndnis diese Zeitspanne auf 46 Jahre. Die Jugendjahre von Gaia liegen im Dunkel der Geschichte. Vermutlich entstanden schon im ersten Jahrzehnt die fr\u00fchesten Lebewesen. Nach etwa 44 Jahren bev\u00f6lkerten Dinosaurier den Planeten. Vor knapp acht Monaten entwickelten sich die ersten S\u00e4ugetiere, und im Verlauf der letzten Woche entstanden hominide Wesen, seit vier Stunden erst gibt es den modernen Menschen. Vor sechzig Minuten hat er den Ackerbau erlernt, und vor einer Minute begann die industrielle Revolution. In diesen letzten sechzig Sekunden hat der Mensch Gaia in eine M\u00fcllhalde verwandelt, Tausende von Pflanzen- und Tierarten ausgerottet, Hunderte von Millionen seiner eigenen Spezies umgebracht, die Rohstoffreserven des Planeten gepl\u00fcndert, Boden, Luft und Wasser vergiftet und k\u00fcnftige Generationen mit strahlendem Abfall belastet.<\/p>\n<\/div>\n\t\t<\/div><\/div><\/div><div id=\"pg-52-3\"  class=\"panel-grid panel-no-style\" ><div id=\"pgc-52-3-0\"  class=\"panel-grid-cell\" ><div id=\"panel-52-3-0-0\" class=\"so-panel widget widget_sow-editor panel-first-child panel-last-child\" data-index=\"6\" ><div class=\"so-widget-sow-editor so-widget-sow-editor-base\">\n<div class=\"siteorigin-widget-tinymce textwidget\">\n\t<p style=\"text-align: right;\"><span style=\"color: #3564c9;\">Probleme kann man niemals mit derselben Denkweise l\u00f6sen, durch die sie entstanden sind.<\/span><br \/><span style=\"color: #3564c9;\"> <em>Albert Einstein<\/em><\/span><\/p>\n<\/div>\n<\/div><\/div><\/div><div id=\"pgc-52-3-1\"  class=\"panel-grid-cell\" ><div id=\"panel-52-3-1-0\" class=\"so-panel widget widget_text panel-first-child panel-last-child\" data-index=\"7\" >\t\t\t<div class=\"textwidget\"><p>In den n\u00e4chsten Sekunden werden wir alle mitentscheiden, ob wir es zulassen, unser Leben auf Gaia \u00fcberhaupt unm\u00f6glich zu machen, oder ein Bewusstsein entwickeln, das uns eine zuk\u00fcnftige Existenz mit Gaia erlaubt.<\/p>\n<\/div>\n\t\t<\/div><\/div><\/div><\/div>","protected":false},"excerpt":{"rendered":"<p>Anfang war das Chaos. Ein aufgerissener Mund. Eine klaffende Wunde. Eine g\u00e4hnende H\u00f6hle. Und aus diesem Anfang entstand ein neuer Anfang. Gaia. Nach Hesiod, um 700 v.u.Z.\u00a0 Bei den alten Griechen ist \u201cGaia\u201d die G\u00f6ttin der Erde; die heute gebr\u00e4uchliche Variante ist der Begriff \u201cGeo\u201d. Der britische Autor William Golding (1911-1993), der f\u00fcr seinen Roman<a href=\"https:\/\/www.gaiamedia.org\/deutsch\/ueber-uns\/gaia-und-wir\/\" class=\"read-more\">Continue Reading<\/a><\/p>\n","protected":false},"author":1,"featured_media":0,"parent":18,"menu_order":2,"comment_status":"closed","ping_status":"closed","template":"","meta":[],"_links":{"self":[{"href":"https:\/\/www.gaiamedia.org\/deutsch\/wp-json\/wp\/v2\/pages\/52"}],"collection":[{"href":"https:\/\/www.gaiamedia.org\/deutsch\/wp-json\/wp\/v2\/pages"}],"about":[{"href":"https:\/\/www.gaiamedia.org\/deutsch\/wp-json\/wp\/v2\/types\/page"}],"author":[{"embeddable":true,"href":"https:\/\/www.gaiamedia.org\/deutsch\/wp-json\/wp\/v2\/users\/1"}],"replies":[{"embeddable":true,"href":"https:\/\/www.gaiamedia.org\/deutsch\/wp-json\/wp\/v2\/comments?post=52"}],"version-history":[{"count":14,"href":"https:\/\/www.gaiamedia.org\/deutsch\/wp-json\/wp\/v2\/pages\/52\/revisions"}],"predecessor-version":[{"id":606,"href":"https:\/\/www.gaiamedia.org\/deutsch\/wp-json\/wp\/v2\/pages\/52\/revisions\/606"}],"up":[{"embeddable":true,"href":"https:\/\/www.gaiamedia.org\/deutsch\/wp-json\/wp\/v2\/pages\/18"}],"wp:attachment":[{"href":"https:\/\/www.gaiamedia.org\/deutsch\/wp-json\/wp\/v2\/media?parent=52"}],"curies":[{"name":"wp","href":"https:\/\/api.w.org\/{rel}","templated":true}]}}