{"id":56,"date":"2017-11-24T23:25:07","date_gmt":"2017-11-24T22:25:07","guid":{"rendered":"http:\/\/2018.gaiamedia.org\/deutsch\/?page_id=56"},"modified":"2025-07-10T10:59:19","modified_gmt":"2025-07-10T08:59:19","slug":"goennerschaft","status":"publish","type":"page","link":"https:\/\/www.gaiamedia.org\/deutsch\/ueber-uns\/goennerschaft\/","title":{"rendered":"g\u00f6nnerschaft"},"content":{"rendered":"<div id=\"pl-56\"  class=\"panel-layout\" ><div id=\"pg-56-0\"  class=\"panel-grid panel-no-style\" ><div id=\"pgc-56-0-0\"  class=\"panel-grid-cell\" ><div id=\"panel-56-0-0-0\" class=\"so-panel widget widget_text panel-first-child\" data-index=\"0\" >\t\t\t<div class=\"textwidget\"><p>Mit Ihrer G\u00f6nnerschaft unterst\u00fctzen Sie unsere gegenw\u00e4rtigen und geplanten Aktivit\u00e4ten und Projekte \u2013 vielen Dank.<\/p>\n<p><strong>G\u00f6nnerbeitr\u00e4ge<\/strong><\/p>\n<p>pro Kalenderjahr<\/p>\n<table border=\"0\" cellspacing=\"0\" cellpadding=\"0\">\n<tbody>\n<tr>\n<td class=\"TextTable\" align=\"left\" valign=\"top\" width=\"178\"><\/td>\n<td class=\"TextTable\" align=\"right\" valign=\"top\" width=\"52\"><strong>CHF<\/strong><\/td>\n<td class=\"TextTable\" align=\"right\" valign=\"top\" width=\"149\"><strong>EUR<\/strong><\/td>\n<\/tr>\n<tr>\n<td class=\"TextTable\" align=\"left\" valign=\"top\">Einzel<\/td>\n<td class=\"TextTable\" align=\"right\" valign=\"top\" width=\"52\">100.00<\/td>\n<td class=\"TextTable\" align=\"right\" valign=\"top\" width=\"149\">100.00<\/td>\n<\/tr>\n<tr>\n<td class=\"TextTable\" align=\"left\" valign=\"top\">Paare<\/td>\n<td class=\"TextTable\" align=\"right\" valign=\"top\" width=\"52\">150.00<\/td>\n<td class=\"TextTable\" align=\"right\" valign=\"top\" width=\"149\">150.00<\/td>\n<\/tr>\n<tr>\n<td class=\"TextTable\" align=\"left\" valign=\"top\">Sch\u00fcler, Studenten,<\/p>\n<p>Rentner, Erwerbslose<\/td>\n<td class=\"TextTable\" align=\"right\" valign=\"top\" width=\"52\">50.00<\/td>\n<td class=\"TextTable\" align=\"right\" valign=\"top\" width=\"149\">50.00<\/td>\n<\/tr>\n<tr>\n<td class=\"TextTable\" align=\"left\" valign=\"top\">Firmen<\/td>\n<td class=\"TextTable\" align=\"right\" valign=\"top\" width=\"52\">250.00<\/td>\n<td class=\"TextTable\" align=\"right\" valign=\"top\" width=\"149\">250.00 oder mehr<\/td>\n<\/tr>\n<tr>\n<td class=\"TextTable\" align=\"left\" valign=\"top\">Lebenslang<\/td>\n<td class=\"TextTable\" align=\"right\" valign=\"top\" width=\"52\">1\u2019000.00<\/td>\n<td class=\"TextTable\" align=\"right\" valign=\"top\" width=\"149\">1\u2019000.00 oder mehr<\/td>\n<\/tr>\n<\/tbody>\n<\/table>\n<p>&nbsp;<\/p>\n<p>G\u00f6nnerinnen und G\u00f6nner erhalten Erm\u00e4ssigungen bei Veranstatungen der Gaia Media Stiftung.<\/p>\n<p>Der Kanton Basel-Stadt hat der Gaia Media Stiftung Steuerfreiheit und Spendenabzugsberechtigung zuerkannt. G\u00f6nnerinnen und G\u00f6nner ausserhalb des Kantons resp. der Schweiz sind gebeten, sich bei ihrer Steuerbeh\u00f6rde zu erkundigen, ob an ihrem Ort das sogenannte Gegenrecht ausge\u00fcbt wird.<\/p>\n<p>&nbsp;<\/p>\n<\/div>\n\t\t<\/div><div id=\"panel-56-0-0-1\" class=\"so-panel widget widget_text panel-last-child\" data-index=\"1\" ><h3 class=\"widget-title\">1. Anmeldung zur G\u00f6nnerschaft ( * Pflichtfelder)<\/h3>\t\t\t<div class=\"textwidget\"><div role=\"form\" class=\"wpcf7\" id=\"wpcf7-f881-o1\" lang=\"de-DE\" dir=\"ltr\">\n<div class=\"screen-reader-response\"><p role=\"status\" aria-live=\"polite\" aria-atomic=\"true\"><\/p> <ul><\/ul><\/div>\n<form action=\"\/deutsch\/wp-json\/wp\/v2\/pages\/56#wpcf7-f881-o1\" method=\"post\" class=\"wpcf7-form init\" novalidate=\"novalidate\" data-status=\"init\">\n<div style=\"display: none;\">\n<input type=\"hidden\" name=\"_wpcf7\" value=\"881\" \/>\n<input type=\"hidden\" name=\"_wpcf7_version\" value=\"5.4.1\" \/>\n<input type=\"hidden\" name=\"_wpcf7_locale\" value=\"de_DE\" \/>\n<input type=\"hidden\" name=\"_wpcf7_unit_tag\" value=\"wpcf7-f881-o1\" \/>\n<input type=\"hidden\" name=\"_wpcf7_container_post\" value=\"0\" \/>\n<input type=\"hidden\" name=\"_wpcf7_posted_data_hash\" value=\"\" \/>\n<\/div>\n<p><label> Anrede<br \/>\n    <span class=\"wpcf7-form-control-wrap anrede\"><input type=\"text\" name=\"anrede\" value=\"\" size=\"40\" class=\"wpcf7-form-control wpcf7-text\" aria-invalid=\"false\" \/><\/span> <\/label><\/p>\n<p><label> Vorname* (Pflichtfeld)<br \/>\n    <span class=\"wpcf7-form-control-wrap vorname\"><input type=\"text\" name=\"vorname\" value=\"\" size=\"40\" class=\"wpcf7-form-control wpcf7-text wpcf7-validates-as-required\" aria-required=\"true\" aria-invalid=\"false\" \/><\/span> <\/label><\/p>\n<p><label> Name* (Pflichtfeld)<br \/>\n    <span class=\"wpcf7-form-control-wrap familien-name\"><input type=\"text\" name=\"familien-name\" value=\"\" size=\"40\" class=\"wpcf7-form-control wpcf7-text wpcf7-validates-as-required\" aria-required=\"true\" aria-invalid=\"false\" \/><\/span> <\/label><\/p>\n<p><label> Email* (Pflichtfeld)<br \/>\n    <span class=\"wpcf7-form-control-wrap e-mail\"><input type=\"email\" name=\"e-mail\" value=\"\" size=\"40\" class=\"wpcf7-form-control wpcf7-text wpcf7-email wpcf7-validates-as-required wpcf7-validates-as-email\" aria-required=\"true\" aria-invalid=\"false\" \/><\/span> <\/label><\/p>\n<p><label> Partner<br \/>\n    <span class=\"wpcf7-form-control-wrap partner\"><input type=\"text\" name=\"partner\" value=\"\" size=\"40\" class=\"wpcf7-form-control wpcf7-text\" aria-invalid=\"false\" \/><\/span> <\/label><\/p>\n<p><label> Firma<br \/>\n    <span class=\"wpcf7-form-control-wrap firma\"><input type=\"text\" name=\"firma\" value=\"\" size=\"40\" class=\"wpcf7-form-control wpcf7-text\" aria-invalid=\"false\" \/><\/span> <\/label><\/p>\n<p><label> Strasse<br \/>\n    <span class=\"wpcf7-form-control-wrap strasse\"><input type=\"text\" name=\"strasse\" value=\"\" size=\"40\" class=\"wpcf7-form-control wpcf7-text\" aria-invalid=\"false\" \/><\/span> <\/label><\/p>\n<p><label> PLZ<br \/>\n    <span class=\"wpcf7-form-control-wrap plz\"><input type=\"text\" name=\"plz\" value=\"\" size=\"40\" class=\"wpcf7-form-control wpcf7-text\" aria-invalid=\"false\" \/><\/span> <\/label><\/p>\n<p><label> Ort<br \/>\n    <span class=\"wpcf7-form-control-wrap ort\"><input type=\"text\" name=\"ort\" value=\"\" size=\"40\" class=\"wpcf7-form-control wpcf7-text\" aria-invalid=\"false\" \/><\/span> <\/label><\/p>\n<p><label> Land<br \/>\n    <span class=\"wpcf7-form-control-wrap land\"><input type=\"text\" name=\"land\" value=\"\" size=\"40\" class=\"wpcf7-form-control wpcf7-text\" aria-invalid=\"false\" \/><\/span> <\/label><\/p>\n<p><input type=\"submit\" value=\"Senden\" class=\"wpcf7-form-control wpcf7-submit\" \/><\/p>\n<div class=\"wpcf7-response-output\" aria-hidden=\"true\"><\/div><\/form><\/div>\n<\/div>\n\t\t<\/div><\/div><\/div><div id=\"pg-56-1\"  class=\"panel-grid panel-no-style\" ><div id=\"pgc-56-1-0\"  class=\"panel-grid-cell\" ><div id=\"panel-56-1-0-0\" class=\"so-panel widget widget_text panel-first-child\" data-index=\"2\" ><h3 class=\"widget-title\">2.\u00a0G\u00f6nnerbeitr\u00e4ge\u00a0\u00fcberweisen<\/h3>\t\t\t<div class=\"textwidget\"><p>Sie haben folgende M\u00f6glichkeiten, Ihren Jahresbeitrag an uns zu \u00fcberweisen:<\/p>\n<p><strong>\u00dcberweisungen in CHF<\/strong><br \/>\nPostkonto 40-139837-1<br \/>\nIBAN CH16 0900 0000 4013 9837 1<br \/>\nBIC|SWIFT POFICHBEXXX<\/p>\n<p><strong>\u00dcberweisungen in EUR<br \/>\n<\/strong>Postfinance AG Schweiz<br \/>\nGaia Media Stiftung<br \/>\nKonto-Nr.: 91-519480-7<br \/>\nIBAN: CH35 0900 0000 9151 9480 7<br \/>\nBIC|SWIFT: POFICHBEXXX<\/p>\n<\/div>\n\t\t<\/div><div id=\"panel-56-1-0-1\" class=\"so-panel widget widget_text panel-last-child\" data-index=\"3\" ><h3 class=\"widget-title\">\u00dcberweisungen mit Kreditkarte<\/h3>\t\t\t<div class=\"textwidget\"><p><a href=\"https:\/\/buy.stripe.com\/28EaEYa8t5aDdFg0Lz2Nq00\"><button>Spenden<\/button><\/a><\/p>\n<\/div>\n\t\t<\/div><\/div><\/div><div id=\"pg-56-2\"  class=\"panel-grid panel-has-style\" ><div class=\"panel-row-style panel-row-style-for-56-2\" ><div id=\"pgc-56-2-0\"  class=\"panel-grid-cell\" ><div id=\"panel-56-2-0-0\" class=\"so-panel widget widget_text panel-first-child panel-last-child\" data-index=\"4\" >\t\t\t<div class=\"textwidget\"><p>Nach Zahlungseingang erhalten Sie per Email eine Best\u00e4tigung Ihrer Anmeldung.<\/p>\n<p>Bitte wenden Sie sich bei allf\u00e4lligen Rechnungsfragen an: <strong>payment(at)gaiamedia.org<\/strong><\/p>\n<\/div>\n\t\t<\/div><\/div><\/div><\/div><\/div>","protected":false},"excerpt":{"rendered":"<p>Mit Ihrer G\u00f6nnerschaft unterst\u00fctzen Sie unsere gegenw\u00e4rtigen und geplanten Aktivit\u00e4ten und Projekte \u2013 vielen Dank. G\u00f6nnerbeitr\u00e4ge pro Kalenderjahr CHF EUR Einzel 100.00 100.00 Paare 150.00 150.00 Sch\u00fcler, Studenten, Rentner, Erwerbslose 50.00 50.00 Firmen 250.00 250.00 oder mehr Lebenslang 1\u2019000.00 1\u2019000.00 oder mehr &nbsp; G\u00f6nnerinnen und G\u00f6nner erhalten Erm\u00e4ssigungen bei Veranstatungen der Gaia Media Stiftung. Der<a href=\"https:\/\/www.gaiamedia.org\/deutsch\/ueber-uns\/goennerschaft\/\" class=\"read-more\">Continue Reading<\/a><\/p>\n","protected":false},"author":1,"featured_media":0,"parent":18,"menu_order":3,"comment_status":"closed","ping_status":"closed","template":"","meta":[],"_links":{"self":[{"href":"https:\/\/www.gaiamedia.org\/deutsch\/wp-json\/wp\/v2\/pages\/56"}],"collection":[{"href":"https:\/\/www.gaiamedia.org\/deutsch\/wp-json\/wp\/v2\/pages"}],"about":[{"href":"https:\/\/www.gaiamedia.org\/deutsch\/wp-json\/wp\/v2\/types\/page"}],"author":[{"embeddable":true,"href":"https:\/\/www.gaiamedia.org\/deutsch\/wp-json\/wp\/v2\/users\/1"}],"replies":[{"embeddable":true,"href":"https:\/\/www.gaiamedia.org\/deutsch\/wp-json\/wp\/v2\/comments?post=56"}],"version-history":[{"count":102,"href":"https:\/\/www.gaiamedia.org\/deutsch\/wp-json\/wp\/v2\/pages\/56\/revisions"}],"predecessor-version":[{"id":305,"href":"https:\/\/www.gaiamedia.org\/deutsch\/wp-json\/wp\/v2\/pages\/56\/revisions\/305"}],"up":[{"embeddable":true,"href":"https:\/\/www.gaiamedia.org\/deutsch\/wp-json\/wp\/v2\/pages\/18"}],"wp:attachment":[{"href":"https:\/\/www.gaiamedia.org\/deutsch\/wp-json\/wp\/v2\/media?parent=56"}],"curies":[{"name":"wp","href":"https:\/\/api.w.org\/{rel}","templated":true}]}}