{"id":58,"date":"2017-11-24T23:25:14","date_gmt":"2017-11-24T22:25:14","guid":{"rendered":"http:\/\/2018.gaiamedia.org\/deutsch\/?page_id=58"},"modified":"2025-07-10T17:10:03","modified_gmt":"2025-07-10T15:10:03","slug":"impressum","status":"publish","type":"page","link":"https:\/\/www.gaiamedia.org\/deutsch\/ueber-uns\/impressum\/","title":{"rendered":"impressum"},"content":{"rendered":"<p lang=\"de\"><strong>herausgeberin:<\/strong><br \/>\nGaia Media Stiftung<br \/>\nPostfach 175<br \/>\nCH-4018 Basel<br \/>\nmail(at)gaiamedia.org<\/p>\n<p lang=\"de\"><strong>redaktion:<\/strong><br \/>\nSusanne G. Seiler,\u00a0susanne@gaiamedia.org<\/p>\n<p lang=\"de\">gaiamedia ist eine gemeinn\u00fctzige stiftung; unser ganzes team arbeitet ehrenamtlich. zur deckung der betriebskosten sind wir jedoch auf ihre wohlwollende unterst\u00fctzung angewiesen, sei es mit einer spende oder einer g\u00f6nnerschaft vielen dank.<\/p>\n<p><strong>haftungshinweis:<\/strong><br \/>\nwir weisen darauf hin, dass wir keinen einfluss auf die inhalte der externen links \u00fcbernehmen. daf\u00fcr sind ausschliesslich deren betreiber zust\u00e4ndig und haftbar. die inhalte der beitr\u00e4ge und links spiegeln nicht zwangsl\u00e4ufig die meinung der redaktion wieder.<\/p>\n","protected":false},"excerpt":{"rendered":"<p>herausgeberin: Gaia Media Stiftung Postfach 175 CH-4018 Basel mail(at)gaiamedia.org redaktion: Susanne G. Seiler,\u00a0susanne@gaiamedia.org gaiamedia ist eine gemeinn\u00fctzige stiftung; unser ganzes team arbeitet ehrenamtlich. zur deckung der betriebskosten sind wir jedoch auf ihre wohlwollende unterst\u00fctzung angewiesen, sei es mit einer spende oder einer g\u00f6nnerschaft vielen dank. haftungshinweis: wir weisen darauf hin, dass wir keinen einfluss auf<a href=\"https:\/\/www.gaiamedia.org\/deutsch\/ueber-uns\/impressum\/\" class=\"read-more\">Continue Reading<\/a><\/p>\n","protected":false},"author":1,"featured_media":0,"parent":18,"menu_order":5,"comment_status":"closed","ping_status":"closed","template":"","meta":[],"_links":{"self":[{"href":"https:\/\/www.gaiamedia.org\/deutsch\/wp-json\/wp\/v2\/pages\/58"}],"collection":[{"href":"https:\/\/www.gaiamedia.org\/deutsch\/wp-json\/wp\/v2\/pages"}],"about":[{"href":"https:\/\/www.gaiamedia.org\/deutsch\/wp-json\/wp\/v2\/types\/page"}],"author":[{"embeddable":true,"href":"https:\/\/www.gaiamedia.org\/deutsch\/wp-json\/wp\/v2\/users\/1"}],"replies":[{"embeddable":true,"href":"https:\/\/www.gaiamedia.org\/deutsch\/wp-json\/wp\/v2\/comments?post=58"}],"version-history":[{"count":14,"href":"https:\/\/www.gaiamedia.org\/deutsch\/wp-json\/wp\/v2\/pages\/58\/revisions"}],"predecessor-version":[{"id":3627,"href":"https:\/\/www.gaiamedia.org\/deutsch\/wp-json\/wp\/v2\/pages\/58\/revisions\/3627"}],"up":[{"embeddable":true,"href":"https:\/\/www.gaiamedia.org\/deutsch\/wp-json\/wp\/v2\/pages\/18"}],"wp:attachment":[{"href":"https:\/\/www.gaiamedia.org\/deutsch\/wp-json\/wp\/v2\/media?parent=58"}],"curies":[{"name":"wp","href":"https:\/\/api.w.org\/{rel}","templated":true}]}}